{"id":885,"date":"2024-09-16T02:15:22","date_gmt":"2024-09-15T23:15:22","guid":{"rendered":"https:\/\/spabyluxury.com\/?page_id=885"},"modified":"2024-10-19T21:07:18","modified_gmt":"2024-10-19T18:07:18","slug":"yonetim","status":"publish","type":"page","link":"https:\/\/spabyluxury.com\/tr\/yonetim\/","title":{"rendered":"Y\u00f6netim"},"content":{"rendered":"\n<div class=\"wp-block-uagb-container uagb-block-mlutqur4 alignfull uagb-is-root-container\">\n<div class=\"wp-block-uagb-info-box uagb-block-e4714e7d uagb-infobox__content-wrap  uagb-infobox-icon-above-title uagb-infobox-image-valign-top\"><div class=\"uagb-ifb-content\"><div class=\"uagb-ifb-icon-wrap\"><svg xmlns=\"https:\/\/www.w3.org\/2000\/svg\" viewBox=\"0 0 512 512\"><path d=\"M0 256C0 114.6 114.6 0 256 0C397.4 0 512 114.6 512 256C512 397.4 397.4 512 256 512C114.6 512 0 397.4 0 256zM371.8 211.8C382.7 200.9 382.7 183.1 371.8 172.2C360.9 161.3 343.1 161.3 332.2 172.2L224 280.4L179.8 236.2C168.9 225.3 151.1 225.3 140.2 236.2C129.3 247.1 129.3 264.9 140.2 275.8L204.2 339.8C215.1 350.7 232.9 350.7 243.8 339.8L371.8 211.8z\"><\/path><\/svg><\/div><div class=\"uagb-ifb-title-wrap\"><h3 class=\"uagb-ifb-title\"><strong>Y\u00f6netim<\/strong><\/h3><\/div><p class=\"uagb-ifb-desc\">T\u00fcm kaynak ve operasyon s\u00fcre\u00e7lerin etkin bir \u015fekilde y\u00f6netilmesi. Operasyonel hizmet kalitesinin y\u00fcksek standartlarda verilmesi.<\/p><\/div><\/div>\n<\/div>\n\n\n\n<hr class=\"wp-block-separator has-alpha-channel-opacity\"\/>\n\n\n\n<div id=\"kesfet\" class=\"wp-block-uagb-container uag-blocks-common-selector uagb-block-jsyjzr2k alignfull uagb-is-root-container\"><div class=\"uagb-container-inner-blocks-wrap\">\n<div class=\"wp-block-group alignfull has-ast-global-color-5-background-color has-background is-layout-flow wp-block-group-is-layout-flow\" style=\"padding-top:6vw;padding-right:6vw;padding-bottom:6vw;padding-left:6vw\">\n<p class=\"has-text-align-center is-style-default has-black-color has-white-background-color has-text-color has-background has-link-color wp-elements-064304583e897a235158a680af64486c\" style=\"margin-top:var(--wp--preset--spacing--20);margin-right:var(--wp--preset--spacing--60);margin-bottom:var(--wp--preset--spacing--20);margin-left:var(--wp--preset--spacing--60);padding-top:0;padding-right:var(--wp--preset--spacing--30);padding-bottom:0;padding-left:var(--wp--preset--spacing--30);font-size:47px\"><strong>Operasyon Y\u00f6netimi<\/strong><\/p>\n\n\n\n<div class=\"wp-block-group alignwide is-vertical is-nowrap is-layout-flex wp-container-core-group-is-layout-7946b6b8 wp-block-group-is-layout-flex\" style=\"padding-top:0;padding-right:0;padding-bottom:0;padding-left:0\">\n<div class=\"wp-block-columns alignwide is-layout-flex wp-container-core-columns-is-layout-21b20327 wp-block-columns-is-layout-flex\">\n<div class=\"wp-block-column is-layout-flow wp-block-column-is-layout-flow\" style=\"flex-basis:33%\">\n<figure class=\"wp-block-image size-full is-resized has-custom-border is-style-default\"><img loading=\"lazy\" decoding=\"async\" width=\"564\" height=\"846\" src=\"https:\/\/spabyluxury.com\/wp-content\/uploads\/2024\/10\/5d0dfcbf0b27f63da46cf214a1deb22e.jpg\" alt=\"\" class=\"wp-image-1283\" style=\"border-style:none;border-width:0px;box-shadow:none;width:314px;height:auto\" srcset=\"https:\/\/spabyluxury.com\/wp-content\/uploads\/2024\/10\/5d0dfcbf0b27f63da46cf214a1deb22e.jpg 564w, https:\/\/spabyluxury.com\/wp-content\/uploads\/2024\/10\/5d0dfcbf0b27f63da46cf214a1deb22e-200x300.jpg 200w\" sizes=\"auto, (max-width: 564px) 100vw, 564px\" \/><\/figure>\n<\/div>\n\n\n\n<div class=\"wp-block-column is-layout-flow wp-container-core-column-is-layout-39d51902 wp-block-column-is-layout-flow\" style=\"border-style:none;border-width:0px;padding-top:var(--wp--preset--spacing--20);padding-right:var(--wp--preset--spacing--40);padding-bottom:var(--wp--preset--spacing--20);padding-left:var(--wp--preset--spacing--40);flex-basis:33.62%\">\n<figure class=\"wp-block-image size-full is-resized has-custom-border is-style-default has-filter-grayscale wp-duotone-unset-1\"><img loading=\"lazy\" decoding=\"async\" width=\"564\" height=\"846\" src=\"https:\/\/spabyluxury.com\/wp-content\/uploads\/2024\/10\/9fd8261b98c401c8eda4a114549a0d35.jpg\" alt=\"\" class=\"wp-image-1287\" style=\"border-style:none;border-width:0px;border-radius:0px;width:293px;height:auto\" srcset=\"https:\/\/spabyluxury.com\/wp-content\/uploads\/2024\/10\/9fd8261b98c401c8eda4a114549a0d35.jpg 564w, https:\/\/spabyluxury.com\/wp-content\/uploads\/2024\/10\/9fd8261b98c401c8eda4a114549a0d35-200x300.jpg 200w\" sizes=\"auto, (max-width: 564px) 100vw, 564px\" \/><\/figure>\n<\/div>\n\n\n\n<div class=\"wp-block-column is-layout-flow wp-block-column-is-layout-flow\" style=\"flex-basis:33.38%\">\n<p>Spa Markalar\u0131 ile \u0130\u015fbirli\u011fi Sa\u011flamak, Sa\u011fl\u0131k Uzmanlar\u0131 ile Ortakl\u0131klar Yapmak, Yarat\u0131c\u0131 Spa Men\u00fcleri Olu\u015fturmak.<\/p>\n\n\n\n<ul style=\"color:#000000;margin-right:0;margin-left:0;padding-top:0;padding-bottom:0;font-size:22px;letter-spacing:-0.8px\" class=\"wp-block-list is-style-default has-text-color has-custom-letterspacing\">\n<li style=\"font-size:19px;font-style:normal;font-weight:400\">Spa Kimli\u011fine Uygun Spa Partnerleri ile i\u015fbirli\u011fi<\/li>\n\n\n\n<li style=\"font-size:19px;font-style:normal;font-weight:400\">Spa Markalar\u0131 ile yap\u0131lacak S\u00f6zle\u015fmeler<\/li>\n\n\n\n<li style=\"font-size:19px;font-style:normal;font-weight:400\">\u00d6zel \u00fcr\u00fcn ve Bak\u0131mlar<\/li>\n\n\n\n<li style=\"font-size:19px;font-style:normal;font-weight:400\">\u0130\u015fbirli\u011fi yap\u0131lacak markalara Spa Markas\u0131n\u0131n E\u011fitiminin verilmesi<\/li>\n\n\n\n<li style=\"font-size:19px;font-style:normal;font-weight:400\">Kreatif Spa Men\u00fc Tasar\u0131mlar\u0131<\/li>\n\n\n\n<li style=\"font-size:19px;font-style:normal;font-weight:400\">Otelin Pazarlama Plan\u0131na Spa\u2019n\u0131n dahil edilmesi<\/li>\n\n\n\n<li style=\"font-size:19px;font-style:normal;font-weight:400\">Perakende Spa Markalar\u0131n\u0131 belirlemek<\/li>\n\n\n\n<li style=\"font-size:19px;font-style:normal;font-weight:400\">Yarat\u0131c\u0131 Spa Promosyonlar\u0131n\u0131n Yap\u0131lmas\u0131<\/li>\n<\/ul>\n<\/div>\n<\/div>\n<\/div>\n<\/div>\n<\/div><\/div>\n\n\n\n<div class=\"wp-block-group alignfull has-background-color has-ast-global-color-8-color has-ast-global-color-4-background-color has-text-color has-background has-link-color coblocks-animate wp-elements-95c2538c0ba0a4402db305dbf8877999 is-vertical is-content-justification-stretch is-layout-flex wp-container-core-group-is-layout-48a3dbfb wp-block-group-is-layout-flex\" style=\"min-height:40vh;margin-top:0;margin-bottom:0;padding-top:var(--wp--preset--spacing--60);padding-right:var(--wp--preset--spacing--40);padding-bottom:var(--wp--preset--spacing--60);padding-left:var(--wp--preset--spacing--40)\" data-coblocks-animation=\"slideInBottom\">\n<div class=\"wp-block-columns alignwide has-small-font-size is-layout-flex wp-container-core-columns-is-layout-28f84493 wp-block-columns-is-layout-flex\">\n<div class=\"wp-block-column is-layout-flow wp-block-column-is-layout-flow\"><div class=\"aligncenter wp-block-site-logo\"><a href=\"https:\/\/spabyluxury.com\/tr\/\" class=\"custom-logo-link\" rel=\"home\"><img loading=\"lazy\" decoding=\"async\" width=\"113\" height=\"45\" src=\"https:\/\/spabyluxury.com\/wp-content\/uploads\/2024\/08\/spl_logo-165x66.png\" class=\"custom-logo\" alt=\"Spa by Luxury\" srcset=\"https:\/\/spabyluxury.com\/wp-content\/uploads\/2024\/08\/spl_logo.png 500w, https:\/\/spabyluxury.com\/wp-content\/uploads\/2024\/08\/spl_logo-300x120.png 300w, https:\/\/spabyluxury.com\/wp-content\/uploads\/2024\/08\/spl_logo-165x66.png 165w\" sizes=\"auto, (max-width: 113px) 100vw, 113px\" \/><\/a><\/div>\n\n\n<p class=\"has-text-align-center\"><a href=\"https:\/\/www.google.com.tr\/maps\/place\/\/data=!4m2!3m1!1s0x14cab9c1e57c2691:0x1f241a78d42ae3b1?sa=X&amp;ved=1t:8290&amp;ictx=111\" target=\"_blank\" rel=\"noopener\">Evliya \u00c7elebi, Me\u015frutiyet Caddesi,<\/a><br><a href=\"https:\/\/www.google.com.tr\/maps\/place\/\/data=!4m2!3m1!1s0x14cab9c1e57c2691:0x1f241a78d42ae3b1?sa=X&amp;ved=1t:8290&amp;ictx=111\" target=\"_blank\" rel=\"noopener\">Tepeba\u015f\u0131 Cd. No:52, 34430<\/a><br><a href=\"https:\/\/www.google.com.tr\/maps\/place\/\/data=!4m2!3m1!1s0x14cab9c1e57c2691:0x1f241a78d42ae3b1?sa=X&amp;ved=1t:8290&amp;ictx=111\" target=\"_blank\" rel=\"noopener\">Beyo\u011flu\/\u0130stanbul<\/a><\/p>\n\n\n\n<div style=\"height:24px\" aria-hidden=\"true\" class=\"wp-block-spacer\"><\/div>\n<\/div>\n\n\n\n<div class=\"wp-block-column is-layout-flow wp-block-column-is-layout-flow\">\n<p class=\"has-text-align-center has-medium-font-size\">Sayfalar<\/p>\n\n\n<nav class=\"has-small-font-size items-justified-center is-vertical no-wrap wp-block-navigation is-content-justification-center is-nowrap is-layout-flex wp-container-core-navigation-is-layout-34a3ecb2 wp-block-navigation-is-layout-flex\" aria-label=\"Ana Men\u00fc \u00dcst - TR\"><ul class=\"wp-block-navigation__container has-small-font-size items-justified-center is-vertical no-wrap wp-block-navigation has-small-font-size\"><li data-wp-context=\"{ &quot;submenuOpenedBy&quot;: { &quot;click&quot;: false, &quot;hover&quot;: false, &quot;focus&quot;: false }, &quot;type&quot;: &quot;submenu&quot;, &quot;modal&quot;: null }\" data-wp-interactive=\"core\/navigation\" data-wp-on--focusout=\"actions.handleMenuFocusout\" data-wp-on--keydown=\"actions.handleMenuKeydown\" data-wp-on-async--mouseenter=\"actions.openMenuOnHover\" data-wp-on-async--mouseleave=\"actions.closeMenuOnHover\" data-wp-watch=\"callbacks.initMenu\" tabindex=\"-1\" class=\"wp-block-navigation-item has-small-font-size has-child open-on-hover-click wp-block-navigation-submenu\"><a class=\"wp-block-navigation-item__content\" href=\"#\"><span class=\"wp-block-navigation-item__label\">Spa by Luxury<\/span><\/a><button data-wp-bind--aria-expanded=\"state.isMenuOpen\" data-wp-on-async--click=\"actions.toggleMenuOnClick\" aria-label=\"Spa by Luxury alt men\u00fcs\u00fc\" class=\"wp-block-navigation__submenu-icon wp-block-navigation-submenu__toggle\" ><svg xmlns=\"http:\/\/www.w3.org\/2000\/svg\" width=\"12\" height=\"12\" viewBox=\"0 0 12 12\" fill=\"none\" aria-hidden=\"true\" focusable=\"false\"><path d=\"M1.50002 4L6.00002 8L10.5 4\" stroke-width=\"1.5\"><\/path><\/svg><\/button><ul data-wp-on-async--focus=\"actions.openMenuOnFocus\" class=\"wp-block-navigation__submenu-container wp-block-navigation-submenu\"><li class=\"has-small-font-size wp-block-navigation-item wp-block-navigation-link\"><a class=\"wp-block-navigation-item__content\" href=\"https:\/\/spabyluxury.com\/tr\/biz-kimiz\/\"><span class=\"wp-block-navigation-item__label\">Biz Kimiz<\/span><\/a><\/li><li class=\"has-small-font-size wp-block-navigation-item wp-block-navigation-link\"><a class=\"wp-block-navigation-item__content\" href=\"https:\/\/spabyluxury.com\/tr\/danismanlik-ve-yonetim\/\"><span class=\"wp-block-navigation-item__label\">Dan\u0131\u015fmanl\u0131k ve Y\u00f6netim<\/span><\/a><\/li><li class=\"has-small-font-size wp-block-navigation-item wp-block-navigation-link\"><a class=\"wp-block-navigation-item__content\" href=\"https:\/\/spabyluxury.com\/tr\/hedefimiz\/\"><span class=\"wp-block-navigation-item__label\">Hedefimiz<\/span><\/a><\/li><\/ul><\/li><li data-wp-context=\"{ &quot;submenuOpenedBy&quot;: { &quot;click&quot;: false, &quot;hover&quot;: false, &quot;focus&quot;: false }, &quot;type&quot;: &quot;submenu&quot;, &quot;modal&quot;: null }\" data-wp-interactive=\"core\/navigation\" data-wp-on--focusout=\"actions.handleMenuFocusout\" data-wp-on--keydown=\"actions.handleMenuKeydown\" data-wp-on-async--mouseenter=\"actions.openMenuOnHover\" data-wp-on-async--mouseleave=\"actions.closeMenuOnHover\" data-wp-watch=\"callbacks.initMenu\" tabindex=\"-1\" class=\"wp-block-navigation-item has-small-font-size has-child open-on-hover-click wp-block-navigation-submenu\"><a class=\"wp-block-navigation-item__content\" href=\"#\"><span class=\"wp-block-navigation-item__label\">Lokasyonlar<\/span><\/a><button data-wp-bind--aria-expanded=\"state.isMenuOpen\" data-wp-on-async--click=\"actions.toggleMenuOnClick\" aria-label=\"Lokasyonlar alt men\u00fcs\u00fc\" class=\"wp-block-navigation__submenu-icon wp-block-navigation-submenu__toggle\" ><svg xmlns=\"http:\/\/www.w3.org\/2000\/svg\" width=\"12\" height=\"12\" viewBox=\"0 0 12 12\" fill=\"none\" aria-hidden=\"true\" focusable=\"false\"><path d=\"M1.50002 4L6.00002 8L10.5 4\" stroke-width=\"1.5\"><\/path><\/svg><\/button><ul data-wp-on-async--focus=\"actions.openMenuOnFocus\" class=\"wp-block-navigation__submenu-container wp-block-navigation-submenu\"><li class=\"has-small-font-size wp-block-navigation-item wp-block-navigation-link\"><a class=\"wp-block-navigation-item__content\" href=\"https:\/\/spabyluxury.com\/tr\/pera-palace\/\"><span class=\"wp-block-navigation-item__label\">Pera Palace<\/span><\/a><\/li><li class=\"has-small-font-size wp-block-navigation-item wp-block-navigation-link\"><a class=\"wp-block-navigation-item__content\" href=\"https:\/\/spabyluxury.com\/tr\/sofitel-taksim\/\"><span class=\"wp-block-navigation-item__label\">Sofitel Taksim<\/span><\/a><\/li><li class=\"has-small-font-size wp-block-navigation-item wp-block-navigation-link\"><a class=\"wp-block-navigation-item__content\" href=\"https:\/\/spabyluxury.com\/tr\/rixos-pera\/\"><span class=\"wp-block-navigation-item__label\">Rixos Pera<\/span><\/a><\/li><\/ul><\/li><li data-wp-context=\"{ &quot;submenuOpenedBy&quot;: { &quot;click&quot;: false, &quot;hover&quot;: false, &quot;focus&quot;: false }, &quot;type&quot;: &quot;submenu&quot;, &quot;modal&quot;: null }\" data-wp-interactive=\"core\/navigation\" data-wp-on--focusout=\"actions.handleMenuFocusout\" data-wp-on--keydown=\"actions.handleMenuKeydown\" data-wp-on-async--mouseenter=\"actions.openMenuOnHover\" data-wp-on-async--mouseleave=\"actions.closeMenuOnHover\" data-wp-watch=\"callbacks.initMenu\" tabindex=\"-1\" class=\"wp-block-navigation-item has-small-font-size has-child open-on-hover-click wp-block-navigation-submenu\"><a class=\"wp-block-navigation-item__content\" href=\"#\"><span class=\"wp-block-navigation-item__label\">Hizmetler<\/span><\/a><button data-wp-bind--aria-expanded=\"state.isMenuOpen\" data-wp-on-async--click=\"actions.toggleMenuOnClick\" aria-label=\"Hizmetler alt men\u00fcs\u00fc\" class=\"wp-block-navigation__submenu-icon wp-block-navigation-submenu__toggle\" ><svg xmlns=\"http:\/\/www.w3.org\/2000\/svg\" width=\"12\" height=\"12\" viewBox=\"0 0 12 12\" fill=\"none\" aria-hidden=\"true\" focusable=\"false\"><path d=\"M1.50002 4L6.00002 8L10.5 4\" stroke-width=\"1.5\"><\/path><\/svg><\/button><ul data-wp-on-async--focus=\"actions.openMenuOnFocus\" class=\"wp-block-navigation__submenu-container wp-block-navigation-submenu\"><li class=\"has-small-font-size wp-block-navigation-item wp-block-navigation-link\"><a class=\"wp-block-navigation-item__content\" href=\"https:\/\/spabyluxury.com\/tr\/konsept-tasarim\/\"><span class=\"wp-block-navigation-item__label\">Konsept Tasar\u0131m<\/span><\/a><\/li><li class=\"has-small-font-size wp-block-navigation-item wp-block-navigation-link\"><a class=\"wp-block-navigation-item__content\" href=\"https:\/\/spabyluxury.com\/tr\/fizibilite\/\"><span class=\"wp-block-navigation-item__label\">Fizibilite<\/span><\/a><\/li><li class=\"has-small-font-size wp-block-navigation-item wp-block-navigation-link\"><a class=\"wp-block-navigation-item__content\" href=\"https:\/\/spabyluxury.com\/tr\/yonetim\/\"><span class=\"wp-block-navigation-item__label\">Y\u00f6netim<\/span><\/a><\/li><li class=\"has-small-font-size wp-block-navigation-item wp-block-navigation-link\"><a class=\"wp-block-navigation-item__content\" href=\"https:\/\/spabyluxury.com\/tr\/danismanlik\/\"><span class=\"wp-block-navigation-item__label\">Dan\u0131\u015fmanl\u0131k<\/span><\/a><\/li><\/ul><\/li><li class=\"has-small-font-size wp-block-navigation-item wp-block-navigation-link\"><a class=\"wp-block-navigation-item__content\" href=\"https:\/\/spabyluxury.com\/tr\/longevity\/\"><span class=\"wp-block-navigation-item__label\">Longevity<\/span><\/a><\/li><li class=\"has-small-font-size wp-block-navigation-item wp-block-navigation-link\"><a class=\"wp-block-navigation-item__content\" href=\"https:\/\/spabyluxury.com\/tr\/referanslarimiz\/\"><span class=\"wp-block-navigation-item__label\">Referanslar\u0131m\u0131z<\/span><\/a><\/li><li class=\"has-small-font-size wp-block-navigation-item wp-block-navigation-link\"><a class=\"wp-block-navigation-item__content\" href=\"https:\/\/spabyluxury.com\/tr\/iletisim\/\"><span class=\"wp-block-navigation-item__label\">\u0130leti\u015fim<\/span><\/a><\/li><\/ul><\/nav>\n\n\n<div style=\"height:24px\" aria-hidden=\"true\" class=\"wp-block-spacer\"><\/div>\n<\/div>\n\n\n\n<div class=\"wp-block-column is-layout-flow wp-block-column-is-layout-flow\">\n<p class=\"has-text-align-center has-medium-font-size\">Takipte Kal<\/p>\n\n\n\n<div class=\"wp-block-group is-vertical is-content-justification-center is-layout-flex wp-container-core-group-is-layout-0e868306 wp-block-group-is-layout-flex\">\n<p><a href=\"#\">Facebook<\/a><\/p>\n\n\n\n<p><a href=\"#\">Instagram<\/a><\/p>\n\n\n\n<p><a href=\"#\">Twitter<\/a><\/p>\n<\/div>\n\n\n\n<div style=\"height:24px\" aria-hidden=\"true\" class=\"wp-block-spacer\"><\/div>\n<\/div>\n<\/div>\n\n\n\n<div class=\"wp-block-group alignwide is-content-justification-center is-layout-flex wp-container-core-group-is-layout-c124d1c4 wp-block-group-is-layout-flex\">\n<p class=\"has-text-align-center has-small-font-size\">Proudly powered by <a href=\"https:\/\/wordpress.org\" rel=\"nofollow noopener\" target=\"_blank\">Spa By Luxury<\/a><\/p>\n<\/div>\n<\/div>\n","protected":false},"excerpt":{"rendered":"<p>Operasyon Y\u00f6netimi Spa Markalar\u0131 ile \u0130\u015fbirli\u011fi Sa\u011flamak, Sa\u011fl\u0131k Uzmanlar\u0131 ile Ortakl\u0131klar Yapmak, Yarat\u0131c\u0131 Spa Men\u00fcleri Olu\u015fturmak. Evliya \u00c7elebi, Me\u015frutiyet Caddesi,Tepeba\u015f\u0131 [&hellip;]<\/p>\n","protected":false},"author":2,"featured_media":0,"parent":0,"menu_order":0,"comment_status":"closed","ping_status":"closed","template":"","meta":{"tpgb_global_settings":"","_coblocks_attr":"","_coblocks_dimensions":"","_coblocks_responsive_height":"","_coblocks_accordion_ie_support":"","_uag_custom_page_level_css":"","site-sidebar-layout":"default","site-content-layout":"","ast-site-content-layout":"default","site-content-style":"default","site-sidebar-style":"default","ast-global-header-display":"","ast-banner-title-visibility":"","ast-main-header-display":"","ast-hfb-above-header-display":"","ast-hfb-below-header-display":"","ast-hfb-mobile-header-display":"","site-post-title":"disabled","ast-breadcrumbs-content":"","ast-featured-img":"","footer-sml-layout":"","ast-disable-related-posts":"","theme-transparent-header-meta":"disabled","adv-header-id-meta":"","stick-header-meta":"","header-above-stick-meta":"","header-main-stick-meta":"","header-below-stick-meta":"","astra-migrate-meta-layouts":"default","ast-page-background-enabled":"default","ast-page-background-meta":{"desktop":{"background-color":"var(--ast-global-color-4)","background-image":"","background-repeat":"repeat","background-position":"center center","background-size":"auto","background-attachment":"scroll","background-type":"","background-media":"","overlay-type":"","overlay-color":"","overlay-opacity":"","overlay-gradient":""},"tablet":{"background-color":"","background-image":"","background-repeat":"repeat","background-position":"center center","background-size":"auto","background-attachment":"scroll","background-type":"","background-media":"","overlay-type":"","overlay-color":"","overlay-opacity":"","overlay-gradient":""},"mobile":{"background-color":"","background-image":"","background-repeat":"repeat","background-position":"center center","background-size":"auto","background-attachment":"scroll","background-type":"","background-media":"","overlay-type":"","overlay-color":"","overlay-opacity":"","overlay-gradient":""}},"ast-content-background-meta":{"desktop":{"background-color":"var(--ast-global-color-5)","background-image":"","background-repeat":"repeat","background-position":"center center","background-size":"auto","background-attachment":"scroll","background-type":"","background-media":"","overlay-type":"","overlay-color":"","overlay-opacity":"","overlay-gradient":""},"tablet":{"background-color":"var(--ast-global-color-5)","background-image":"","background-repeat":"repeat","background-position":"center center","background-size":"auto","background-attachment":"scroll","background-type":"","background-media":"","overlay-type":"","overlay-color":"","overlay-opacity":"","overlay-gradient":""},"mobile":{"background-color":"var(--ast-global-color-5)","background-image":"","background-repeat":"repeat","background-position":"center center","background-size":"auto","background-attachment":"scroll","background-type":"","background-media":"","overlay-type":"","overlay-color":"","overlay-opacity":"","overlay-gradient":""}},"footnotes":""},"class_list":["post-885","page","type-page","status-publish","hentry"],"tpgb_featured_images":null,"tpgb_post_meta_info":{"get_date":"16 Eyl\u00fcl 2024","get_modified_date":"19 Ekim 2024","author_name":"ali g\u00fcrb\u00fcz","author_url":"https:\/\/spabyluxury.com\/tr\/author\/ali\/","author_email":"aliyktagrbz@gmail.com","author_website":"","author_description":"","author_facebook":"","author_twitter":"","author_instagram":"","author_role":["administrator"],"author_firstname":"ali","author_lastname":"g\u00fcrb\u00fcz","user_login":"ali","author_avatar":"<img alt='' src='https:\/\/secure.gravatar.com\/avatar\/3702fdb1fc45af29a559276c9d853b9acec3019e11a35a95973b35ccfb7481c7?s=200&#038;d=mm&#038;r=g' srcset='https:\/\/secure.gravatar.com\/avatar\/3702fdb1fc45af29a559276c9d853b9acec3019e11a35a95973b35ccfb7481c7?s=400&#038;d=mm&#038;r=g 2x' class='avatar avatar-200 photo' height='200' width='200' loading='lazy' decoding='async'\/>","author_avatar_url":"https:\/\/secure.gravatar.com\/avatar\/3702fdb1fc45af29a559276c9d853b9acec3019e11a35a95973b35ccfb7481c7?s=96&d=mm&r=g","comment_count":0,"post_likes":0,"post_views":0},"tpgb_post_category":[],"uagb_featured_image_src":{"full":false,"thumbnail":false,"medium":false,"medium_large":false,"large":false,"1536x1536":false,"2048x2048":false,"tp-image-grid":false},"uagb_author_info":{"display_name":"ali g\u00fcrb\u00fcz","author_link":"https:\/\/spabyluxury.com\/tr\/author\/ali\/"},"uagb_comment_info":0,"uagb_excerpt":"Operasyon Y\u00f6netimi Spa Markalar\u0131 ile \u0130\u015fbirli\u011fi Sa\u011flamak, Sa\u011fl\u0131k Uzmanlar\u0131 ile Ortakl\u0131klar Yapmak, Yarat\u0131c\u0131 Spa Men\u00fcleri Olu\u015fturmak. Evliya \u00c7elebi, Me\u015frutiyet Caddesi,Tepeba\u015f\u0131 [&hellip;]","_links":{"self":[{"href":"https:\/\/spabyluxury.com\/tr\/wp-json\/wp\/v2\/pages\/885","targetHints":{"allow":["GET"]}}],"collection":[{"href":"https:\/\/spabyluxury.com\/tr\/wp-json\/wp\/v2\/pages"}],"about":[{"href":"https:\/\/spabyluxury.com\/tr\/wp-json\/wp\/v2\/types\/page"}],"author":[{"embeddable":true,"href":"https:\/\/spabyluxury.com\/tr\/wp-json\/wp\/v2\/users\/2"}],"replies":[{"embeddable":true,"href":"https:\/\/spabyluxury.com\/tr\/wp-json\/wp\/v2\/comments?post=885"}],"version-history":[{"count":5,"href":"https:\/\/spabyluxury.com\/tr\/wp-json\/wp\/v2\/pages\/885\/revisions"}],"predecessor-version":[{"id":1378,"href":"https:\/\/spabyluxury.com\/tr\/wp-json\/wp\/v2\/pages\/885\/revisions\/1378"}],"wp:attachment":[{"href":"https:\/\/spabyluxury.com\/tr\/wp-json\/wp\/v2\/media?parent=885"}],"curies":[{"name":"wp","href":"https:\/\/api.w.org\/{rel}","templated":true}]}}