{"id":243,"date":"2024-08-27T02:41:08","date_gmt":"2024-08-26T23:41:08","guid":{"rendered":"https:\/\/spabyluxury.com\/?page_id=243"},"modified":"2024-11-21T13:26:32","modified_gmt":"2024-11-21T10:26:32","slug":"referanslarimiz","status":"publish","type":"page","link":"https:\/\/spabyluxury.com\/tr\/referanslarimiz\/","title":{"rendered":"Referanslar\u0131m\u0131z"},"content":{"rendered":"\n<div class=\"wp-block-uagb-container uagb-block-ijmedwbh alignfull uagb-is-root-container\"><div class=\"uagb-container-inner-blocks-wrap\">\n<div class=\"wp-block-uagb-info-box uagb-block-z0m74b2v uagb-infobox__content-wrap  uagb-infobox-icon-above-title uagb-infobox-image-valign-top\"><div class=\"uagb-ifb-content\"><div class=\"uagb-ifb-title-wrap\"><h1 class=\"uagb-ifb-title\">Referanslar\u0131m\u0131z<\/h1><\/div><\/div><\/div>\n\n\n\n<div class=\"wp-block-uagb-container uagb-block-0l441mk1\">\n<div class=\"wp-block-uagb-container uagb-layout-grid uagb-block-zc82hwze\">\n<div class=\"wp-block-uagb-image alignleft uagb-block-3mibxtrj wp-block-uagb-image--layout-default wp-block-uagb-image--effect-static wp-block-uagb-image--align-left\"><figure class=\"wp-block-uagb-image__figure\"><img decoding=\"async\" srcset=\"https:\/\/spabyluxury.com\/wp-content\/uploads\/2024\/09\/Resim1.png ,https:\/\/spabyluxury.com\/wp-content\/uploads\/2024\/09\/Resim1.png 780w, https:\/\/spabyluxury.com\/wp-content\/uploads\/2024\/09\/Resim1.png 360w\" sizes=\"auto, (max-width: 480px) 150px\" src=\"https:\/\/spabyluxury.com\/wp-content\/uploads\/2024\/09\/Resim1.png\" alt=\"\" class=\"uag-image-698\" width=\"396\" height=\"300\" title=\"Resim1\" loading=\"lazy\" role=\"img\"\/><\/figure><\/div>\n\n\n\n<div class=\"wp-block-uagb-info-box uagb-block-sl88fpld uagb-infobox__content-wrap  uagb-infobox-icon-above-title uagb-infobox-image-valign-top\"><div class=\"uagb-ifb-content\"><div class=\"uagb-ifb-title-wrap\"><p class=\"uagb-ifb-title-prefix\">Pera PALACE Hotel<\/p><h3 class=\"uagb-ifb-title\">Spa \u0130\u015fletmesi<\/h3><\/div><p class=\"uagb-ifb-desc\">Pera Palace, 2018 y\u0131l\u0131ndan itibaren Spa by Luxury\u2019nin Spa operasyon y\u00f6netimi ile hizmetlerimizi sundu\u011fumuz \u00f6zel lokasyonlardan biridir. Spa alan\u0131nda sundu\u011fumuz yenilik\u00e7i \u00e7\u00f6z\u00fcmler ve m\u00fc\u015fteri odakl\u0131 hizmet anlay\u0131\u015f\u0131m\u0131z sayesinde, misafirlerin beklentilerini a\u015fmay\u0131 hedefliyoruz. Bug\u00fcne kadar devam eden i\u015f birli\u011fimiz, bu tarihi otelin benzersiz atmosferine modern spa hizmetleri katma misyonumuzu s\u00fcrd\u00fcrmektedir.<\/p><\/div><\/div>\n<\/div>\n\n\n\n<div class=\"wp-block-uagb-separator uagb-block-putr3q6l\"><div class=\"uagb-separator-spacing-wrapper\"><div class=\"wp-block-uagb-separator__inner\" style=\"--my-background-image:\"><\/div><\/div><\/div>\n\n\n\n<div class=\"wp-block-uagb-container uagb-layout-grid uagb-block-slqan7r2\">\n<div class=\"wp-block-uagb-image aligncenter uagb-block-99ihegbe wp-block-uagb-image--layout-default wp-block-uagb-image--effect-static wp-block-uagb-image--align-center alignleft\"><figure class=\"wp-block-uagb-image__figure\"><img decoding=\"async\" srcset=\"https:\/\/spabyluxury.com\/wp-content\/uploads\/2024\/09\/Resim2.png ,https:\/\/spabyluxury.com\/wp-content\/uploads\/2024\/09\/Resim2.png 780w, https:\/\/spabyluxury.com\/wp-content\/uploads\/2024\/09\/Resim2.png 360w\" sizes=\"auto, (max-width: 480px) 150px\" src=\"https:\/\/spabyluxury.com\/wp-content\/uploads\/2024\/09\/Resim2.png\" alt=\"\" class=\"uag-image-700\" width=\"396\" height=\"300\" title=\"Resim2\" loading=\"lazy\" role=\"img\"\/><\/figure><\/div>\n\n\n\n<div class=\"wp-block-uagb-info-box uagb-block-2lmqij45 uagb-infobox__content-wrap  uagb-infobox-icon-above-title uagb-infobox-image-valign-top\"><div class=\"uagb-ifb-content\"><div class=\"uagb-ifb-title-wrap\"><p class=\"uagb-ifb-title-prefix\">sofitel taksim<\/p><h3 class=\"uagb-ifb-title\">Spa \u0130\u015fletmesi<\/h3><\/div><p class=\"uagb-ifb-desc\">Spa by Luxury olarak, 2020 y\u0131l\u0131ndan bu yana Sofitel Taksim&#8217;de Spa operasyon y\u00f6netimi ile hizmetimizi sunmaktay\u0131z. Sofitel Taksim&#8217;in misafirperverli\u011fini yans\u0131tan, Frans\u0131z zarafetinden ilham alan y\u00fcksek kaliteli spa \u00e7\u00f6z\u00fcmlerimizle otel misafirlerinin deneyimlerini zenginle\u015ftiriyoruz. Devam eden i\u015f birli\u011fimiz, l\u00fcks spa deneyimlerini modern dokunu\u015flarla birle\u015ftirme vizyonumuzu s\u00fcrd\u00fcrmektedir.<\/p><\/div><\/div>\n<\/div>\n\n\n\n<div class=\"wp-block-uagb-separator uagb-block-q8bkkxvm\"><div class=\"uagb-separator-spacing-wrapper\"><div class=\"wp-block-uagb-separator__inner\" style=\"--my-background-image:\"><\/div><\/div><\/div>\n\n\n\n<div class=\"wp-block-uagb-container uagb-layout-grid uagb-block-f6zhjkyk\">\n<div class=\"wp-block-uagb-image alignleft uagb-block-mfd8dvew wp-block-uagb-image--layout-default wp-block-uagb-image--effect-static wp-block-uagb-image--align-left\"><figure class=\"wp-block-uagb-image__figure\"><img decoding=\"async\" srcset=\"https:\/\/spabyluxury.com\/wp-content\/uploads\/2024\/09\/Resim3.png ,https:\/\/spabyluxury.com\/wp-content\/uploads\/2024\/09\/Resim3.png 780w, https:\/\/spabyluxury.com\/wp-content\/uploads\/2024\/09\/Resim3.png 360w\" sizes=\"auto, (max-width: 480px) 150px\" src=\"https:\/\/spabyluxury.com\/wp-content\/uploads\/2024\/09\/Resim3.png\" alt=\"\" class=\"uag-image-702\" width=\"396\" height=\"300\" title=\"Resim3\" loading=\"lazy\" role=\"img\"\/><\/figure><\/div>\n\n\n\n<div class=\"wp-block-uagb-info-box uagb-block-xfwvdnuc uagb-infobox__content-wrap  uagb-infobox-icon-above-title uagb-infobox-image-valign-top\"><div class=\"uagb-ifb-content\"><div class=\"uagb-ifb-title-wrap\"><p class=\"uagb-ifb-title-prefix\">R\u0130XOS PERA \u0130STANBUL<\/p><h3 class=\"uagb-ifb-title\">Spa \u0130\u015fletmesi<\/h3><\/div><p class=\"uagb-ifb-desc\">2020 &#8211; 2024 y\u0131llar\u0131 aras\u0131nda Rixos Pera\u2019da sundu\u011fumuz Spa operasyon y\u00f6netimi ile, otelin misafirlerine benzersiz bir spa deneyimi sunmay\u0131 ama\u00e7lad\u0131k. L\u00fcks hizmet anlay\u0131\u015f\u0131m\u0131zla, Rixos Pera\u2019n\u0131n se\u00e7kin atmosferini tamamlayan \u00e7\u00f6z\u00fcmlerimizle misafir memnuniyetini art\u0131rmay\u0131 hedefledik. Bu s\u00fcre\u00e7te, otel konforunu modern spa uygulamalar\u0131yla birle\u015ftirme misyonumuzu ba\u015far\u0131yla s\u00fcrd\u00fcrd\u00fck.<br><br><\/p><\/div><\/div>\n<\/div>\n\n\n\n<div class=\"wp-block-uagb-separator uagb-block-a5pwgcnp\"><div class=\"uagb-separator-spacing-wrapper\"><div class=\"wp-block-uagb-separator__inner\" style=\"--my-background-image:\"><\/div><\/div><\/div>\n\n\n\n<div class=\"wp-block-uagb-container uagb-layout-grid uagb-block-bkbohqut\">\n<div class=\"wp-block-uagb-image alignleft uagb-block-2yt6n9ni wp-block-uagb-image--layout-default wp-block-uagb-image--effect-static wp-block-uagb-image--align-left\"><figure class=\"wp-block-uagb-image__figure\"><img decoding=\"async\" srcset=\"https:\/\/spabyluxury.com\/wp-content\/uploads\/2024\/09\/Resim4-1024x409.png ,https:\/\/spabyluxury.com\/wp-content\/uploads\/2024\/09\/Resim4.png 780w, https:\/\/spabyluxury.com\/wp-content\/uploads\/2024\/09\/Resim4.png 360w\" sizes=\"auto, (max-width: 480px) 150px\" src=\"https:\/\/spabyluxury.com\/wp-content\/uploads\/2024\/09\/Resim4-1024x409.png\" alt=\"\" class=\"uag-image-704\" width=\"396\" height=\"300\" title=\"Resim4\" loading=\"lazy\" role=\"img\"\/><\/figure><\/div>\n\n\n\n<div class=\"wp-block-uagb-info-box uagb-block-qrghesro uagb-infobox__content-wrap  uagb-infobox-icon-above-title uagb-infobox-image-valign-top\"><div class=\"uagb-ifb-content\"><div class=\"uagb-ifb-title-wrap\"><p class=\"uagb-ifb-title-prefix\">Palmalife Bodrum Resort &amp; Spa<\/p><h3 class=\"uagb-ifb-title\">Spa Dan\u0131\u015fmal\u0131k<\/h3><\/div><p class=\"uagb-ifb-desc\">2021-2022 y\u0131llar\u0131 aras\u0131nda Palmalife Bodrum Resort &amp; Spa\u2019ya mimari dan\u0131\u015fmanl\u0131k, personel ve \u00fcr\u00fcn tedari\u011fi gibi ihtiya\u00e7lar\u0131 kapsayan kapsaml\u0131 spa dan\u0131\u015fmanl\u0131\u011f\u0131 hizmeti sunduk. Spa by Luxury olarak, i\u015fletmenin t\u00fcm gereksinimlerine y\u00f6nelik \u00e7\u00f6z\u00fcmler sunarak misafir deneyimini \u00fcst d\u00fczeye \u00e7\u0131karmay\u0131 ama\u00e7lad\u0131k ve otelin e\u015fsiz atmosferine katk\u0131 sa\u011flad\u0131k.<\/p><\/div><\/div>\n<\/div>\n\n\n\n<div class=\"wp-block-uagb-separator uagb-block-hyfq4qkq\"><div class=\"uagb-separator-spacing-wrapper\"><div class=\"wp-block-uagb-separator__inner\" style=\"--my-background-image:\"><\/div><\/div><\/div>\n\n\n\n<div class=\"wp-block-uagb-container uagb-layout-grid uagb-block-5b948e65\">\n<div class=\"wp-block-uagb-image alignleft uagb-block-1ae197b0 wp-block-uagb-image--layout-default wp-block-uagb-image--effect-static wp-block-uagb-image--align-left\"><figure class=\"wp-block-uagb-image__figure\"><img decoding=\"async\" srcset=\"https:\/\/spabyluxury.com\/wp-content\/uploads\/2024\/09\/Resim5-1024x410.png ,https:\/\/spabyluxury.com\/wp-content\/uploads\/2024\/09\/Resim5.png 780w, https:\/\/spabyluxury.com\/wp-content\/uploads\/2024\/09\/Resim5.png 360w\" sizes=\"auto, (max-width: 480px) 150px\" src=\"https:\/\/spabyluxury.com\/wp-content\/uploads\/2024\/09\/Resim5-1024x410.png\" alt=\"\" class=\"uag-image-706\" width=\"396\" height=\"300\" title=\"Resim5\" loading=\"lazy\" role=\"img\"\/><\/figure><\/div>\n\n\n\n<div class=\"wp-block-uagb-info-box uagb-block-853cdfda uagb-infobox__content-wrap  uagb-infobox-icon-above-title uagb-infobox-image-valign-top\"><div class=\"uagb-ifb-content\"><div class=\"uagb-ifb-title-wrap\"><p class=\"uagb-ifb-title-prefix\">Katre Island hotel<\/p><h3 class=\"uagb-ifb-title\">Spa Dan\u0131\u015fmal\u0131k<\/h3><\/div><p class=\"uagb-ifb-desc\">2021-2022 y\u0131llar\u0131 aras\u0131nda Katre Island\u2019a, t\u00fcm i\u015fletme ihtiya\u00e7lar\u0131n\u0131 kapsayan kapsaml\u0131 bir spa dan\u0131\u015fmanl\u0131k hizmeti sunduk. Mimari dan\u0131\u015fmanl\u0131k, personel temini ve \u00fcr\u00fcn tedari\u011fi ile her ayr\u0131nt\u0131da destek sa\u011flad\u0131k. Spa by Luxury olarak, misafirlerine \u00fcst d\u00fczey bir spa deneyimi sunmalar\u0131 i\u00e7in Katre Island\u2019a de\u011fer katmay\u0131 hedefledik.<\/p><\/div><\/div>\n<\/div>\n\n\n\n<div class=\"wp-block-uagb-separator uagb-block-efbd39c4\"><div class=\"uagb-separator-spacing-wrapper\"><div class=\"wp-block-uagb-separator__inner\" style=\"--my-background-image:\"><\/div><\/div><\/div>\n\n\n\n<div class=\"wp-block-uagb-container uagb-layout-grid uagb-block-55d066d8\">\n<div class=\"wp-block-uagb-image alignleft uagb-block-330e6cad wp-block-uagb-image--layout-default wp-block-uagb-image--effect-static wp-block-uagb-image--align-left\"><figure class=\"wp-block-uagb-image__figure\"><img decoding=\"async\" srcset=\"https:\/\/spabyluxury.com\/wp-content\/uploads\/2024\/09\/Resim6-1024x410.png ,https:\/\/spabyluxury.com\/wp-content\/uploads\/2024\/09\/Resim6.png 780w, https:\/\/spabyluxury.com\/wp-content\/uploads\/2024\/09\/Resim6.png 360w\" sizes=\"auto, (max-width: 480px) 150px\" src=\"https:\/\/spabyluxury.com\/wp-content\/uploads\/2024\/09\/Resim6-1024x410.png\" alt=\"\" class=\"uag-image-708\" width=\"396\" height=\"300\" title=\"Resim6\" loading=\"lazy\" role=\"img\"\/><\/figure><\/div>\n\n\n\n<div class=\"wp-block-uagb-info-box uagb-block-0671a577 uagb-infobox__content-wrap  uagb-infobox-icon-above-title uagb-infobox-image-valign-top\"><div class=\"uagb-ifb-content\"><div class=\"uagb-ifb-title-wrap\"><p class=\"uagb-ifb-title-prefix\">Lazzoni Hotel<\/p><h3 class=\"uagb-ifb-title\">Spa Dan\u0131\u015fmal\u0131k<\/h3><\/div><p class=\"uagb-ifb-desc\">2020 y\u0131l\u0131nda Lazzoni Hotel\u2019e sundu\u011fumuz spa dan\u0131\u015fmanl\u0131k hizmeti ile, otelin misafirlerine benzersiz bir spa deneyimi kazand\u0131rmay\u0131 ama\u00e7lad\u0131k. Spa by Luxury olarak, profesyonel \u00e7\u00f6z\u00fcmlerimizle otelin hizmet kalitesini art\u0131rarak misafir memnuniyetini \u00f6n planda tuttuk.<\/p><\/div><\/div>\n<\/div>\n\n\n\n<div class=\"wp-block-uagb-separator uagb-block-2d282562\"><div class=\"uagb-separator-spacing-wrapper\"><div class=\"wp-block-uagb-separator__inner\" style=\"--my-background-image:\"><\/div><\/div><\/div>\n\n\n\n<div class=\"wp-block-uagb-container uagb-layout-grid uagb-block-ccd5abd0\">\n<div class=\"wp-block-uagb-image alignleft uagb-block-00ef6cae wp-block-uagb-image--layout-default wp-block-uagb-image--effect-static wp-block-uagb-image--align-left\"><figure class=\"wp-block-uagb-image__figure\"><img decoding=\"async\" srcset=\"https:\/\/spabyluxury.com\/wp-content\/uploads\/2024\/09\/Resim7-1024x410.png ,https:\/\/spabyluxury.com\/wp-content\/uploads\/2024\/09\/Resim7.png 780w, https:\/\/spabyluxury.com\/wp-content\/uploads\/2024\/09\/Resim7.png 360w\" sizes=\"auto, (max-width: 480px) 150px\" src=\"https:\/\/spabyluxury.com\/wp-content\/uploads\/2024\/09\/Resim7-1024x410.png\" alt=\"\" class=\"uag-image-710\" width=\"396\" height=\"300\" title=\"Resim7\" loading=\"lazy\" role=\"img\"\/><\/figure><\/div>\n\n\n\n<div class=\"wp-block-uagb-info-box uagb-block-4cb58dd1 uagb-infobox__content-wrap  uagb-infobox-icon-above-title uagb-infobox-image-valign-top\"><div class=\"uagb-ifb-content\"><div class=\"uagb-ifb-title-wrap\"><p class=\"uagb-ifb-title-prefix\">THE RITZ CARLTON<\/p><h3 class=\"uagb-ifb-title\">Spa Dan\u0131\u015fmal\u0131k<\/h3><\/div><p class=\"uagb-ifb-desc\">2018-2019 y\u0131llar\u0131 aras\u0131nda The Ritz Carlton\u2019a sundu\u011fumuz spa dan\u0131\u015fmanl\u0131k hizmetleriyle, misafirlere en y\u00fcksek kalitede spa deneyimi sa\u011flama misyonumuzu ger\u00e7ekle\u015ftirdik. Spa by Luxury olarak, otelin prestijli atmosferini tamamlayan profesyonel \u00e7\u00f6z\u00fcmler sunduk; hem mimari tasar\u0131m hem de personel ve \u00fcr\u00fcn temininde destek sa\u011flayarak misafir memnuniyetini art\u0131rd\u0131k.<\/p><\/div><\/div>\n<\/div>\n\n\n\n<div class=\"wp-block-uagb-separator uagb-block-b1cdfc47\"><div class=\"uagb-separator-spacing-wrapper\"><div class=\"wp-block-uagb-separator__inner\" style=\"--my-background-image:\"><\/div><\/div><\/div>\n\n\n\n<div class=\"wp-block-uagb-container uagb-layout-grid uagb-block-0e1f78a4\">\n<div class=\"wp-block-uagb-image alignleft uagb-block-e9f25deb wp-block-uagb-image--layout-default wp-block-uagb-image--effect-static wp-block-uagb-image--align-left\"><figure class=\"wp-block-uagb-image__figure\"><img decoding=\"async\" srcset=\"https:\/\/spabyluxury.com\/wp-content\/uploads\/2024\/09\/Resim8-1024x409.png ,https:\/\/spabyluxury.com\/wp-content\/uploads\/2024\/09\/Resim8.png 780w, https:\/\/spabyluxury.com\/wp-content\/uploads\/2024\/09\/Resim8.png 360w\" sizes=\"auto, (max-width: 480px) 150px\" src=\"https:\/\/spabyluxury.com\/wp-content\/uploads\/2024\/09\/Resim8-1024x409.png\" alt=\"\" class=\"uag-image-712\" width=\"396\" height=\"300\" title=\"Resim8\" loading=\"lazy\" role=\"img\"\/><\/figure><\/div>\n\n\n\n<div class=\"wp-block-uagb-info-box uagb-block-f64e904b uagb-infobox__content-wrap  uagb-infobox-icon-above-title uagb-infobox-image-valign-top\"><div class=\"uagb-ifb-content\"><div class=\"uagb-ifb-title-wrap\"><p class=\"uagb-ifb-title-prefix\">Crowne Plaza<\/p><h3 class=\"uagb-ifb-title\">Spa Dan\u0131\u015fmanl\u0131k<\/h3><\/div><p class=\"uagb-ifb-desc\">2018-2019 y\u0131llar\u0131 aras\u0131nda Crowne Plaza\u2019ya sundu\u011fumuz spa dan\u0131\u015fmanl\u0131k hizmetleri ile otelin misafirlerine konforlu ve l\u00fcks bir spa deneyimi sunma hedefini ger\u00e7ekle\u015ftirdik. Spa by Luxury olarak, profesyonel dan\u0131\u015fmanl\u0131k \u00e7\u00f6z\u00fcmlerimizle otelin hizmet kalitesini y\u00fckselttik ve misafir memnuniyetini \u00f6n planda tutarak destek sa\u011flad\u0131k.<\/p><\/div><\/div>\n<\/div>\n\n\n\n<div class=\"wp-block-uagb-separator uagb-block-b7c46d99\"><div class=\"uagb-separator-spacing-wrapper\"><div class=\"wp-block-uagb-separator__inner\" style=\"--my-background-image:\"><\/div><\/div><\/div>\n\n\n\n<div class=\"wp-block-uagb-container uagb-layout-grid uagb-block-b659f6cd\">\n<div class=\"wp-block-uagb-image alignleft uagb-block-9c538a71 wp-block-uagb-image--layout-default wp-block-uagb-image--effect-static wp-block-uagb-image--align-left\"><figure class=\"wp-block-uagb-image__figure\"><img decoding=\"async\" srcset=\"https:\/\/spabyluxury.com\/wp-content\/uploads\/2024\/09\/Resim9.png ,https:\/\/spabyluxury.com\/wp-content\/uploads\/2024\/09\/Resim9.png 780w, https:\/\/spabyluxury.com\/wp-content\/uploads\/2024\/09\/Resim9.png 360w\" sizes=\"auto, (max-width: 480px) 150px\" src=\"https:\/\/spabyluxury.com\/wp-content\/uploads\/2024\/09\/Resim9.png\" alt=\"\" class=\"uag-image-714\" width=\"396\" height=\"300\" title=\"Resim9\" loading=\"lazy\" role=\"img\"\/><\/figure><\/div>\n\n\n\n<div class=\"wp-block-uagb-info-box uagb-block-640d4831 uagb-infobox__content-wrap  uagb-infobox-icon-above-title uagb-infobox-image-valign-top\"><div class=\"uagb-ifb-content\"><div class=\"uagb-ifb-title-wrap\"><p class=\"uagb-ifb-title-prefix\">Autograph Collection<\/p><h3 class=\"uagb-ifb-title\">Spa Dan\u0131\u015fmal\u0131k<\/h3><\/div><p class=\"uagb-ifb-desc\">2022-2023 y\u0131llar\u0131 aras\u0131nda Autograph Collection\u2019a sundu\u011fumuz spa dan\u0131\u015fmanl\u0131k hizmetleri ile misafirlerine \u00f6zg\u00fcn ve l\u00fcks bir spa deneyimi ya\u015fatmay\u0131 ama\u00e7lad\u0131k. Spa by Luxury olarak, otelin prestijine uygun \u00e7\u00f6z\u00fcmler sunarak hem mimari destek hem de personel ve \u00fcr\u00fcn temini sa\u011flad\u0131k; b\u00f6ylece otelin hizmet kalitesini en \u00fcst seviyeye ta\u015f\u0131d\u0131k.<\/p><\/div><\/div>\n<\/div>\n\n\n\n<div class=\"wp-block-uagb-separator uagb-block-bc013550\"><div class=\"uagb-separator-spacing-wrapper\"><div class=\"wp-block-uagb-separator__inner\" style=\"--my-background-image:\"><\/div><\/div><\/div>\n\n\n\n<div class=\"wp-block-uagb-container uagb-layout-grid uagb-block-e719ca79\">\n<div class=\"wp-block-uagb-image alignleft uagb-block-6a7f8f0a wp-block-uagb-image--layout-default wp-block-uagb-image--effect-static wp-block-uagb-image--align-left\"><figure class=\"wp-block-uagb-image__figure\"><img decoding=\"async\" srcset=\"https:\/\/spabyluxury.com\/wp-content\/uploads\/2024\/09\/Resim9.png ,https:\/\/spabyluxury.com\/wp-content\/uploads\/2024\/09\/Resim9.png 780w, https:\/\/spabyluxury.com\/wp-content\/uploads\/2024\/09\/Resim9.png 360w\" sizes=\"auto, (max-width: 480px) 150px\" src=\"https:\/\/spabyluxury.com\/wp-content\/uploads\/2024\/09\/Resim9.png\" alt=\"\" class=\"uag-image-714\" width=\"396\" height=\"300\" title=\"Resim9\" loading=\"lazy\" role=\"img\"\/><\/figure><\/div>\n\n\n\n<div class=\"wp-block-uagb-info-box uagb-block-7c898e56 uagb-infobox__content-wrap  uagb-infobox-icon-above-title uagb-infobox-image-valign-top\"><div class=\"uagb-ifb-content\"><div class=\"uagb-ifb-title-wrap\"><p class=\"uagb-ifb-title-prefix\">Autograph Collection<\/p><h3 class=\"uagb-ifb-title\">Spa Dan\u0131\u015fmal\u0131k<\/h3><\/div><p class=\"uagb-ifb-desc\">2022-2023 y\u0131llar\u0131 aras\u0131nda Autograph Collection\u2019a sundu\u011fumuz spa dan\u0131\u015fmanl\u0131k hizmetleri ile misafirlerine \u00f6zg\u00fcn ve l\u00fcks bir spa deneyimi ya\u015fatmay\u0131 ama\u00e7lad\u0131k. Spa by Luxury olarak, otelin prestijine uygun \u00e7\u00f6z\u00fcmler sunarak hem mimari destek hem de personel ve \u00fcr\u00fcn temini sa\u011flad\u0131k; b\u00f6ylece otelin hizmet kalitesini en \u00fcst seviyeye ta\u015f\u0131d\u0131k.<\/p><\/div><\/div>\n<\/div>\n<\/div>\n<\/div><\/div>\n\n\n\n<p><\/p>\n","protected":false},"excerpt":{"rendered":"","protected":false},"author":2,"featured_media":0,"parent":0,"menu_order":0,"comment_status":"closed","ping_status":"closed","template":"","meta":{"tpgb_global_settings":"","_coblocks_attr":"","_coblocks_dimensions":"","_coblocks_responsive_height":"","_coblocks_accordion_ie_support":"","_uag_custom_page_level_css":"","site-sidebar-layout":"default","site-content-layout":"","ast-site-content-layout":"default","site-content-style":"default","site-sidebar-style":"default","ast-global-header-display":"","ast-banner-title-visibility":"","ast-main-header-display":"","ast-hfb-above-header-display":"","ast-hfb-below-header-display":"","ast-hfb-mobile-header-display":"","site-post-title":"disabled","ast-breadcrumbs-content":"","ast-featured-img":"","footer-sml-layout":"","ast-disable-related-posts":"","theme-transparent-header-meta":"disabled","adv-header-id-meta":"","stick-header-meta":"","header-above-stick-meta":"","header-main-stick-meta":"","header-below-stick-meta":"","astra-migrate-meta-layouts":"default","ast-page-background-enabled":"default","ast-page-background-meta":{"desktop":{"background-color":"var(--ast-global-color-4)","background-image":"","background-repeat":"repeat","background-position":"center center","background-size":"auto","background-attachment":"scroll","background-type":"","background-media":"","overlay-type":"","overlay-color":"","overlay-opacity":"","overlay-gradient":""},"tablet":{"background-color":"","background-image":"","background-repeat":"repeat","background-position":"center center","background-size":"auto","background-attachment":"scroll","background-type":"","background-media":"","overlay-type":"","overlay-color":"","overlay-opacity":"","overlay-gradient":""},"mobile":{"background-color":"","background-image":"","background-repeat":"repeat","background-position":"center center","background-size":"auto","background-attachment":"scroll","background-type":"","background-media":"","overlay-type":"","overlay-color":"","overlay-opacity":"","overlay-gradient":""}},"ast-content-background-meta":{"desktop":{"background-color":"var(--ast-global-color-5)","background-image":"","background-repeat":"repeat","background-position":"center center","background-size":"auto","background-attachment":"scroll","background-type":"","background-media":"","overlay-type":"","overlay-color":"","overlay-opacity":"","overlay-gradient":""},"tablet":{"background-color":"var(--ast-global-color-5)","background-image":"","background-repeat":"repeat","background-position":"center center","background-size":"auto","background-attachment":"scroll","background-type":"","background-media":"","overlay-type":"","overlay-color":"","overlay-opacity":"","overlay-gradient":""},"mobile":{"background-color":"var(--ast-global-color-5)","background-image":"","background-repeat":"repeat","background-position":"center center","background-size":"auto","background-attachment":"scroll","background-type":"","background-media":"","overlay-type":"","overlay-color":"","overlay-opacity":"","overlay-gradient":""}},"footnotes":""},"class_list":["post-243","page","type-page","status-publish","hentry"],"tpgb_featured_images":null,"tpgb_post_meta_info":{"get_date":"27 A\u011fustos 2024","get_modified_date":"21 Kas\u0131m 2024","author_name":"ali g\u00fcrb\u00fcz","author_url":"https:\/\/spabyluxury.com\/tr\/author\/ali\/","author_email":"aliyktagrbz@gmail.com","author_website":"","author_description":"","author_facebook":"","author_twitter":"","author_instagram":"","author_role":["administrator"],"author_firstname":"ali","author_lastname":"g\u00fcrb\u00fcz","user_login":"ali","author_avatar":"<img alt='' src='https:\/\/secure.gravatar.com\/avatar\/3702fdb1fc45af29a559276c9d853b9acec3019e11a35a95973b35ccfb7481c7?s=200&#038;d=mm&#038;r=g' srcset='https:\/\/secure.gravatar.com\/avatar\/3702fdb1fc45af29a559276c9d853b9acec3019e11a35a95973b35ccfb7481c7?s=400&#038;d=mm&#038;r=g 2x' class='avatar avatar-200 photo' height='200' width='200' loading='lazy' decoding='async'\/>","author_avatar_url":"https:\/\/secure.gravatar.com\/avatar\/3702fdb1fc45af29a559276c9d853b9acec3019e11a35a95973b35ccfb7481c7?s=96&d=mm&r=g","comment_count":0,"post_likes":0,"post_views":0},"tpgb_post_category":[],"uagb_featured_image_src":{"full":false,"thumbnail":false,"medium":false,"medium_large":false,"large":false,"1536x1536":false,"2048x2048":false,"tp-image-grid":false},"uagb_author_info":{"display_name":"ali g\u00fcrb\u00fcz","author_link":"https:\/\/spabyluxury.com\/tr\/author\/ali\/"},"uagb_comment_info":0,"uagb_excerpt":null,"_links":{"self":[{"href":"https:\/\/spabyluxury.com\/tr\/wp-json\/wp\/v2\/pages\/243","targetHints":{"allow":["GET"]}}],"collection":[{"href":"https:\/\/spabyluxury.com\/tr\/wp-json\/wp\/v2\/pages"}],"about":[{"href":"https:\/\/spabyluxury.com\/tr\/wp-json\/wp\/v2\/types\/page"}],"author":[{"embeddable":true,"href":"https:\/\/spabyluxury.com\/tr\/wp-json\/wp\/v2\/users\/2"}],"replies":[{"embeddable":true,"href":"https:\/\/spabyluxury.com\/tr\/wp-json\/wp\/v2\/comments?post=243"}],"version-history":[{"count":28,"href":"https:\/\/spabyluxury.com\/tr\/wp-json\/wp\/v2\/pages\/243\/revisions"}],"predecessor-version":[{"id":1576,"href":"https:\/\/spabyluxury.com\/tr\/wp-json\/wp\/v2\/pages\/243\/revisions\/1576"}],"wp:attachment":[{"href":"https:\/\/spabyluxury.com\/tr\/wp-json\/wp\/v2\/media?parent=243"}],"curies":[{"name":"wp","href":"https:\/\/api.w.org\/{rel}","templated":true}]}}