{"id":1692,"date":"2024-12-10T19:10:52","date_gmt":"2024-12-10T16:10:52","guid":{"rendered":"https:\/\/spabyluxury.com\/?page_id=1692"},"modified":"2024-12-10T19:16:44","modified_gmt":"2024-12-10T16:16:44","slug":"rlx-aurasens","status":"publish","type":"page","link":"https:\/\/spabyluxury.com\/tr\/rlx-aurasens\/","title":{"rendered":"RLX AURASENS"},"content":{"rendered":"\n<div class=\"wp-block-uagb-container uagb-block-ihsy2wlm alignfull uagb-is-root-container\"><div class=\"uagb-container-inner-blocks-wrap\">\n<div class=\"wp-block-uagb-info-box uagb-block-wrtucopn uagb-infobox__content-wrap  uagb-infobox-icon-above-title uagb-infobox-image-valign-top\"><div class=\"uagb-ifb-content\"><div class=\"uagb-ifb-title-wrap\"><h1 class=\"uagb-ifb-title\"><strong>RLX AURASENS<\/strong><\/h1><\/div><p class=\"uagb-ifb-desc\">EXPERIENCE LOUNGER<\/p><\/div><\/div>\n<\/div><\/div>\n\n\n\n<div class=\"wp-block-uagb-container uagb-block-fdb5al8o alignfull uagb-is-root-container\"><div class=\"uagb-container-inner-blocks-wrap\">\n<div class=\"wp-block-uagb-info-box uagb-block-xahv0jsf uagb-infobox__content-wrap  uagb-infobox-icon-above-title uagb-infobox-image-valign-top\"><div class=\"uagb-ifb-content\"><div class=\"uagb-ifb-title-wrap\"><h2 class=\"uagb-ifb-title\">M\u00fczik ve do\u011fa sesleri sizi ba\u015fka bir yere g\u00f6t\u00fcr\u00fcr.<\/h2><\/div><p class=\"uagb-ifb-desc\">Farkl\u0131 ve derinlemesine bir esenlik deneyimi olarak tasarlanan bu l\u00fcks \u015fezlong, sizi y\u00fckseltmek ve ba\u015fka bir boyuta ta\u015f\u0131mak i\u00e7in m\u00fczi\u011fin b\u00fcy\u00fcs\u00fcn\u00fc ve titre\u015fen dokunsal hisleri sunar.<br><br>\u00d6zenle se\u00e7ilmi\u015f deneyim programlar\u0131n\u0131 veya en sevdi\u011finiz m\u00fczi\u011fi se\u00e7in ve e\u015fi benzeri olmayan bir yolculu\u011fa \u00e7\u0131k\u0131n! Kombine i\u015fitsel ve \u00f6zel olarak hedeflenmi\u015f dokunsal sens\u00f6rler, Wellness arayanlar\u0131 tekrar tekrar geri gelmek isteyeceklerdir.<\/p><\/div><\/div>\n\n\n\n<div class=\"wp-block-uagb-image alignleft uagb-block-2x4ds1pd wp-block-uagb-image--layout-default wp-block-uagb-image--effect-static wp-block-uagb-image--align-left\"><figure class=\"wp-block-uagb-image__figure\"><img decoding=\"async\" srcset=\"https:\/\/spabyluxury.com\/wp-content\/uploads\/2024\/11\/DSC00150-1024x614.jpg ,https:\/\/spabyluxury.com\/wp-content\/uploads\/2024\/11\/DSC00150.jpg 780w, https:\/\/spabyluxury.com\/wp-content\/uploads\/2024\/11\/DSC00150.jpg 360w\" sizes=\"auto, (max-width: 480px) 150px\" src=\"https:\/\/spabyluxury.com\/wp-content\/uploads\/2024\/11\/DSC00150-1024x614.jpg\" alt=\"\" class=\"uag-image-1537\" width=\"564\" height=\"450\" title=\"DSC00150\" loading=\"lazy\" role=\"img\"\/><\/figure><\/div>\n<\/div><\/div>\n\n\n\n<div class=\"wp-block-uagb-container uagb-block-jornyaqz alignfull uagb-is-root-container\">\n<p class=\"has-text-align-center has-white-color has-text-color has-link-color has-custom-lineheight has-custom-letterspacing wp-elements-95876481c078b097c5f7eaf6cd4bc298\" style=\"font-size:29px;line-height:1.71;letter-spacing:0.2px\">Duyular\u0131n\u0131z\u0131 uyand\u0131r\u0131n<\/p>\n\n\n\n<p class=\"has-text-align-center has-ast-global-color-5-color has-text-color has-link-color wp-elements-2b574dcbdf8610d6adc08696041ae641\">Bedeniniz, zihniniz ve ruhunuzla yeniden ba\u011flant\u0131 kurun<\/p>\n\n\n\n<p class=\"has-text-align-center has-ast-global-color-5-color has-text-color has-link-color wp-elements-ef0edf01e559fcc2e3ac22b1b2b2e3d6\">G\u00fcnl\u00fck kayg\u0131lar\u0131n\u0131zdan uzakla\u015f\u0131n<\/p>\n\n\n\n<p class=\"has-text-align-center has-ast-global-color-5-color has-text-color has-link-color wp-elements-e106350470ace481ea6f39f924ac9955\" style=\"line-height:1.7\">Yarat\u0131c\u0131l\u0131\u011f\u0131n\u0131z\u0131 ortaya \u00e7\u0131kar\u0131n Sesin g\u00fcc\u00fcn\u00fc yeniden ke\u015ffedin<\/p>\n\n\n\n<p class=\"has-text-align-center has-white-color has-text-color has-link-color has-custom-lineheight has-custom-letterspacing wp-elements-0b222e00ca8de7e5b1e33e4aeaaf51f6\" style=\"font-size:29px;line-height:1.71;letter-spacing:0.2px\">Derinlemesine rahatlay\u0131n veya i\u00e7inizdeki enerjiyi harekete ge\u00e7irin<\/p>\n<\/div>\n\n\n\n<div class=\"wp-block-group alignfull has-background-color has-ast-global-color-8-color has-ast-global-color-4-background-color has-text-color has-background has-link-color coblocks-animate wp-elements-f9be9a57cf15a76af7be26e173d1ac84 is-vertical is-content-justification-stretch is-layout-flex wp-container-core-group-is-layout-48a3dbfb wp-block-group-is-layout-flex\" style=\"min-height:40vh;margin-top:0;margin-bottom:0;padding-top:var(--wp--preset--spacing--60);padding-right:var(--wp--preset--spacing--40);padding-bottom:var(--wp--preset--spacing--60);padding-left:var(--wp--preset--spacing--40)\" data-coblocks-animation=\"slideInBottom\">\n<div class=\"wp-block-columns alignwide has-small-font-size is-layout-flex wp-container-core-columns-is-layout-28f84493 wp-block-columns-is-layout-flex\">\n<div class=\"wp-block-column is-layout-flow wp-block-column-is-layout-flow\"><div class=\"aligncenter wp-block-site-logo\"><a href=\"https:\/\/spabyluxury.com\/tr\/\" class=\"custom-logo-link\" rel=\"home\"><img loading=\"lazy\" decoding=\"async\" width=\"113\" height=\"45\" src=\"https:\/\/spabyluxury.com\/wp-content\/uploads\/2024\/08\/spl_logo-165x66.png\" class=\"custom-logo\" alt=\"Spa by Luxury\" srcset=\"https:\/\/spabyluxury.com\/wp-content\/uploads\/2024\/08\/spl_logo.png 500w, https:\/\/spabyluxury.com\/wp-content\/uploads\/2024\/08\/spl_logo-300x120.png 300w, https:\/\/spabyluxury.com\/wp-content\/uploads\/2024\/08\/spl_logo-165x66.png 165w\" sizes=\"auto, (max-width: 113px) 100vw, 113px\" \/><\/a><\/div>\n\n\n<p class=\"has-text-align-center\"><a href=\"https:\/\/www.google.com.tr\/maps\/place\/\/data=!4m2!3m1!1s0x14cab9c1e57c2691:0x1f241a78d42ae3b1?sa=X&amp;ved=1t:8290&amp;ictx=111\" target=\"_blank\" rel=\"noopener\">Evliya \u00c7elebi, Me\u015frutiyet Caddesi,<\/a><br><a href=\"https:\/\/www.google.com.tr\/maps\/place\/\/data=!4m2!3m1!1s0x14cab9c1e57c2691:0x1f241a78d42ae3b1?sa=X&amp;ved=1t:8290&amp;ictx=111\" target=\"_blank\" rel=\"noopener\">Tepeba\u015f\u0131 Cd. No:52, 34430<\/a><br><a href=\"https:\/\/www.google.com.tr\/maps\/place\/\/data=!4m2!3m1!1s0x14cab9c1e57c2691:0x1f241a78d42ae3b1?sa=X&amp;ved=1t:8290&amp;ictx=111\" target=\"_blank\" rel=\"noopener\">Beyo\u011flu\/\u0130stanbul<\/a><\/p>\n\n\n\n<div style=\"height:24px\" aria-hidden=\"true\" class=\"wp-block-spacer\"><\/div>\n<\/div>\n\n\n\n<div class=\"wp-block-column is-layout-flow wp-block-column-is-layout-flow\">\n<p class=\"has-text-align-center has-medium-font-size\">Pages<\/p>\n\n\n<nav class=\"has-small-font-size items-justified-center is-vertical no-wrap wp-block-navigation is-content-justification-center is-nowrap is-layout-flex wp-container-core-navigation-is-layout-34a3ecb2 wp-block-navigation-is-layout-flex\" aria-label=\"Ana Men\u00fc \u00dcst - EN\"><ul class=\"wp-block-navigation__container has-small-font-size items-justified-center is-vertical no-wrap wp-block-navigation has-small-font-size\"><li data-wp-context=\"{ &quot;submenuOpenedBy&quot;: { &quot;click&quot;: false, &quot;hover&quot;: false, &quot;focus&quot;: false }, &quot;type&quot;: &quot;submenu&quot;, &quot;modal&quot;: null }\" data-wp-interactive=\"core\/navigation\" data-wp-on--focusout=\"actions.handleMenuFocusout\" data-wp-on--keydown=\"actions.handleMenuKeydown\" data-wp-on-async--mouseenter=\"actions.openMenuOnHover\" data-wp-on-async--mouseleave=\"actions.closeMenuOnHover\" data-wp-watch=\"callbacks.initMenu\" tabindex=\"-1\" class=\"wp-block-navigation-item has-small-font-size has-child open-on-hover-click wp-block-navigation-submenu\"><a class=\"wp-block-navigation-item__content\" href=\"#\"><span class=\"wp-block-navigation-item__label\">Spa by Luxury<\/span><\/a><button data-wp-bind--aria-expanded=\"state.isMenuOpen\" data-wp-on-async--click=\"actions.toggleMenuOnClick\" aria-label=\"Spa by Luxury alt men\u00fcs\u00fc\" class=\"wp-block-navigation__submenu-icon wp-block-navigation-submenu__toggle\" ><svg xmlns=\"http:\/\/www.w3.org\/2000\/svg\" width=\"12\" height=\"12\" viewBox=\"0 0 12 12\" fill=\"none\" aria-hidden=\"true\" focusable=\"false\"><path d=\"M1.50002 4L6.00002 8L10.5 4\" stroke-width=\"1.5\"><\/path><\/svg><\/button><ul data-wp-on-async--focus=\"actions.openMenuOnFocus\" class=\"wp-block-navigation__submenu-container wp-block-navigation-submenu\"><li class=\"has-small-font-size wp-block-navigation-item wp-block-navigation-link\"><a class=\"wp-block-navigation-item__content\" href=\"https:\/\/spabyluxury.com\/who-we-are\/\"><span class=\"wp-block-navigation-item__label\">Who We Are<\/span><\/a><\/li><li class=\"has-small-font-size wp-block-navigation-item wp-block-navigation-link\"><a class=\"wp-block-navigation-item__content\" href=\"https:\/\/spabyluxury.com\/consultancy-management\/\"><span class=\"wp-block-navigation-item__label\">Consultancy &#038; Management<\/span><\/a><\/li><li class=\"has-small-font-size wp-block-navigation-item wp-block-navigation-link\"><a class=\"wp-block-navigation-item__content\" href=\"https:\/\/spabyluxury.com\/our-vision\/\"><span class=\"wp-block-navigation-item__label\">Our Aim<\/span><\/a><\/li><\/ul><\/li><li data-wp-context=\"{ &quot;submenuOpenedBy&quot;: { &quot;click&quot;: false, &quot;hover&quot;: false, &quot;focus&quot;: false }, &quot;type&quot;: &quot;submenu&quot;, &quot;modal&quot;: null }\" data-wp-interactive=\"core\/navigation\" data-wp-on--focusout=\"actions.handleMenuFocusout\" data-wp-on--keydown=\"actions.handleMenuKeydown\" data-wp-on-async--mouseenter=\"actions.openMenuOnHover\" data-wp-on-async--mouseleave=\"actions.closeMenuOnHover\" data-wp-watch=\"callbacks.initMenu\" tabindex=\"-1\" class=\"wp-block-navigation-item has-small-font-size has-child open-on-hover-click wp-block-navigation-submenu\"><a class=\"wp-block-navigation-item__content\" href=\"#\"><span class=\"wp-block-navigation-item__label\">Locations<\/span><\/a><button data-wp-bind--aria-expanded=\"state.isMenuOpen\" data-wp-on-async--click=\"actions.toggleMenuOnClick\" aria-label=\"Locations alt men\u00fcs\u00fc\" class=\"wp-block-navigation__submenu-icon wp-block-navigation-submenu__toggle\" ><svg xmlns=\"http:\/\/www.w3.org\/2000\/svg\" width=\"12\" height=\"12\" viewBox=\"0 0 12 12\" fill=\"none\" aria-hidden=\"true\" focusable=\"false\"><path d=\"M1.50002 4L6.00002 8L10.5 4\" stroke-width=\"1.5\"><\/path><\/svg><\/button><ul data-wp-on-async--focus=\"actions.openMenuOnFocus\" class=\"wp-block-navigation__submenu-container wp-block-navigation-submenu\"><li class=\"has-small-font-size wp-block-navigation-item wp-block-navigation-link\"><a class=\"wp-block-navigation-item__content\" href=\"https:\/\/spabyluxury.com\/pera-palace\/\"><span class=\"wp-block-navigation-item__label\">Pera Palace<\/span><\/a><\/li><li class=\"has-small-font-size wp-block-navigation-item wp-block-navigation-link\"><a class=\"wp-block-navigation-item__content\" href=\"https:\/\/spabyluxury.com\/sofitel-taksim\/\"><span class=\"wp-block-navigation-item__label\">Sofitel Taksim<\/span><\/a><\/li><li class=\"has-small-font-size wp-block-navigation-item wp-block-navigation-link\"><a class=\"wp-block-navigation-item__content\" href=\"https:\/\/spabyluxury.com\/rixos-pera\/\"><span class=\"wp-block-navigation-item__label\">Rixos Pera<\/span><\/a><\/li><\/ul><\/li><li data-wp-context=\"{ &quot;submenuOpenedBy&quot;: { &quot;click&quot;: false, &quot;hover&quot;: false, &quot;focus&quot;: false }, &quot;type&quot;: &quot;submenu&quot;, &quot;modal&quot;: null }\" data-wp-interactive=\"core\/navigation\" data-wp-on--focusout=\"actions.handleMenuFocusout\" data-wp-on--keydown=\"actions.handleMenuKeydown\" data-wp-on-async--mouseenter=\"actions.openMenuOnHover\" data-wp-on-async--mouseleave=\"actions.closeMenuOnHover\" data-wp-watch=\"callbacks.initMenu\" tabindex=\"-1\" class=\"wp-block-navigation-item has-small-font-size has-child open-on-hover-click wp-block-navigation-submenu\"><a class=\"wp-block-navigation-item__content\" href=\"#\"><span class=\"wp-block-navigation-item__label\">Services<\/span><\/a><button data-wp-bind--aria-expanded=\"state.isMenuOpen\" data-wp-on-async--click=\"actions.toggleMenuOnClick\" aria-label=\"Services alt men\u00fcs\u00fc\" class=\"wp-block-navigation__submenu-icon wp-block-navigation-submenu__toggle\" ><svg xmlns=\"http:\/\/www.w3.org\/2000\/svg\" width=\"12\" height=\"12\" viewBox=\"0 0 12 12\" fill=\"none\" aria-hidden=\"true\" focusable=\"false\"><path d=\"M1.50002 4L6.00002 8L10.5 4\" stroke-width=\"1.5\"><\/path><\/svg><\/button><ul data-wp-on-async--focus=\"actions.openMenuOnFocus\" class=\"wp-block-navigation__submenu-container wp-block-navigation-submenu\"><li class=\"has-small-font-size wp-block-navigation-item wp-block-navigation-link\"><a class=\"wp-block-navigation-item__content\" href=\"https:\/\/spabyluxury.com\/concept-design\/\"><span class=\"wp-block-navigation-item__label\">Concept Design<\/span><\/a><\/li><li class=\"has-small-font-size wp-block-navigation-item wp-block-navigation-link\"><a class=\"wp-block-navigation-item__content\" href=\"https:\/\/spabyluxury.com\/feasibility\/\"><span class=\"wp-block-navigation-item__label\">Feasibility<\/span><\/a><\/li><li class=\"has-small-font-size wp-block-navigation-item wp-block-navigation-link\"><a class=\"wp-block-navigation-item__content\" href=\"https:\/\/spabyluxury.com\/management\/\"><span class=\"wp-block-navigation-item__label\">Management<\/span><\/a><\/li><li class=\"has-small-font-size wp-block-navigation-item wp-block-navigation-link\"><a class=\"wp-block-navigation-item__content\" href=\"https:\/\/spabyluxury.com\/consultancy\/\"><span class=\"wp-block-navigation-item__label\">Consultancy<\/span><\/a><\/li><\/ul><\/li><li data-wp-context=\"{ &quot;submenuOpenedBy&quot;: { &quot;click&quot;: false, &quot;hover&quot;: false, &quot;focus&quot;: false }, &quot;type&quot;: &quot;submenu&quot;, &quot;modal&quot;: null }\" data-wp-interactive=\"core\/navigation\" data-wp-on--focusout=\"actions.handleMenuFocusout\" data-wp-on--keydown=\"actions.handleMenuKeydown\" data-wp-on-async--mouseenter=\"actions.openMenuOnHover\" data-wp-on-async--mouseleave=\"actions.closeMenuOnHover\" data-wp-watch=\"callbacks.initMenu\" tabindex=\"-1\" class=\"wp-block-navigation-item has-small-font-size has-child open-on-hover-click wp-block-navigation-submenu\"><a class=\"wp-block-navigation-item__content\" href=\"https:\/\/spabyluxury.com\/longavity\/\"><span class=\"wp-block-navigation-item__label\">Longevity<\/span><\/a><button data-wp-bind--aria-expanded=\"state.isMenuOpen\" data-wp-on-async--click=\"actions.toggleMenuOnClick\" aria-label=\"Longevity alt men\u00fcs\u00fc\" class=\"wp-block-navigation__submenu-icon wp-block-navigation-submenu__toggle\" ><svg xmlns=\"http:\/\/www.w3.org\/2000\/svg\" width=\"12\" height=\"12\" viewBox=\"0 0 12 12\" fill=\"none\" aria-hidden=\"true\" focusable=\"false\"><path d=\"M1.50002 4L6.00002 8L10.5 4\" stroke-width=\"1.5\"><\/path><\/svg><\/button><ul data-wp-on-async--focus=\"actions.openMenuOnFocus\" class=\"wp-block-navigation__submenu-container wp-block-navigation-submenu\"><li class=\"has-small-font-size wp-block-navigation-item wp-block-navigation-link\"><a class=\"wp-block-navigation-item__content\" href=\"https:\/\/spabyluxury.com\/augmented-massage\/\"><span class=\"wp-block-navigation-item__label\">Augmented Massage<\/span><\/a><\/li><\/ul><\/li><li class=\"has-small-font-size wp-block-navigation-item wp-block-navigation-link\"><a class=\"wp-block-navigation-item__content\" href=\"https:\/\/spabyluxury.com\/our-references\/\"><span class=\"wp-block-navigation-item__label\">Our References<\/span><\/a><\/li><li class=\"has-small-font-size wp-block-navigation-item wp-block-navigation-link\"><a class=\"wp-block-navigation-item__content\" href=\"https:\/\/spabyluxury.com\/contact-us\/\"><span class=\"wp-block-navigation-item__label\">Contact Us<\/span><\/a><\/li><\/ul><\/nav>\n\n\n<div style=\"height:24px\" aria-hidden=\"true\" class=\"wp-block-spacer\"><\/div>\n<\/div>\n\n\n\n<div class=\"wp-block-column is-layout-flow wp-block-column-is-layout-flow\">\n<p class=\"has-text-align-center has-medium-font-size\">Follow us<\/p>\n\n\n\n<div class=\"wp-block-group is-vertical is-content-justification-center is-layout-flex wp-container-core-group-is-layout-0e868306 wp-block-group-is-layout-flex\">\n<p><a href=\"#\">Facebook<\/a><\/p>\n\n\n\n<p><a href=\"#\">Instagram<\/a><\/p>\n\n\n\n<p><a href=\"#\">Twitter<\/a><\/p>\n<\/div>\n\n\n\n<div style=\"height:24px\" aria-hidden=\"true\" class=\"wp-block-spacer\"><\/div>\n<\/div>\n<\/div>\n\n\n\n<div class=\"wp-block-group alignwide is-content-justification-center is-layout-flex wp-container-core-group-is-layout-c124d1c4 wp-block-group-is-layout-flex\">\n<p class=\"has-text-align-center has-small-font-size\">Proudly powered by <a href=\"https:\/\/wordpress.org\" rel=\"nofollow noopener\" target=\"_blank\">Spa By Luxury<\/a><\/p>\n<\/div>\n<\/div>\n","protected":false},"excerpt":{"rendered":"<p>Duyular\u0131n\u0131z\u0131 uyand\u0131r\u0131n Bedeniniz, zihniniz ve ruhunuzla yeniden ba\u011flant\u0131 kurun G\u00fcnl\u00fck kayg\u0131lar\u0131n\u0131zdan uzakla\u015f\u0131n Yarat\u0131c\u0131l\u0131\u011f\u0131n\u0131z\u0131 ortaya \u00e7\u0131kar\u0131n Sesin g\u00fcc\u00fcn\u00fc yeniden ke\u015ffedin Derinlemesine [&hellip;]<\/p>\n","protected":false},"author":2,"featured_media":0,"parent":0,"menu_order":0,"comment_status":"closed","ping_status":"closed","template":"","meta":{"tpgb_global_settings":"","_coblocks_attr":"","_coblocks_dimensions":"","_coblocks_responsive_height":"","_coblocks_accordion_ie_support":"","_uag_custom_page_level_css":"","site-sidebar-layout":"default","site-content-layout":"","ast-site-content-layout":"default","site-content-style":"default","site-sidebar-style":"default","ast-global-header-display":"","ast-banner-title-visibility":"","ast-main-header-display":"","ast-hfb-above-header-display":"","ast-hfb-below-header-display":"","ast-hfb-mobile-header-display":"","site-post-title":"disabled","ast-breadcrumbs-content":"","ast-featured-img":"","footer-sml-layout":"","ast-disable-related-posts":"","theme-transparent-header-meta":"","adv-header-id-meta":"","stick-header-meta":"","header-above-stick-meta":"","header-main-stick-meta":"","header-below-stick-meta":"","astra-migrate-meta-layouts":"default","ast-page-background-enabled":"default","ast-page-background-meta":{"desktop":{"background-color":"var(--ast-global-color-4)","background-image":"","background-repeat":"repeat","background-position":"center center","background-size":"auto","background-attachment":"scroll","background-type":"","background-media":"","overlay-type":"","overlay-color":"","overlay-opacity":"","overlay-gradient":""},"tablet":{"background-color":"","background-image":"","background-repeat":"repeat","background-position":"center center","background-size":"auto","background-attachment":"scroll","background-type":"","background-media":"","overlay-type":"","overlay-color":"","overlay-opacity":"","overlay-gradient":""},"mobile":{"background-color":"","background-image":"","background-repeat":"repeat","background-position":"center center","background-size":"auto","background-attachment":"scroll","background-type":"","background-media":"","overlay-type":"","overlay-color":"","overlay-opacity":"","overlay-gradient":""}},"ast-content-background-meta":{"desktop":{"background-color":"var(--ast-global-color-5)","background-image":"","background-repeat":"repeat","background-position":"center center","background-size":"auto","background-attachment":"scroll","background-type":"","background-media":"","overlay-type":"","overlay-color":"","overlay-opacity":"","overlay-gradient":""},"tablet":{"background-color":"var(--ast-global-color-5)","background-image":"","background-repeat":"repeat","background-position":"center center","background-size":"auto","background-attachment":"scroll","background-type":"","background-media":"","overlay-type":"","overlay-color":"","overlay-opacity":"","overlay-gradient":""},"mobile":{"background-color":"var(--ast-global-color-5)","background-image":"","background-repeat":"repeat","background-position":"center center","background-size":"auto","background-attachment":"scroll","background-type":"","background-media":"","overlay-type":"","overlay-color":"","overlay-opacity":"","overlay-gradient":""}},"footnotes":""},"class_list":["post-1692","page","type-page","status-publish","hentry"],"tpgb_featured_images":null,"tpgb_post_meta_info":{"get_date":"10 Aral\u0131k 2024","get_modified_date":"10 Aral\u0131k 2024","author_name":"ali g\u00fcrb\u00fcz","author_url":"https:\/\/spabyluxury.com\/tr\/author\/ali\/","author_email":"aliyktagrbz@gmail.com","author_website":"","author_description":"","author_facebook":"","author_twitter":"","author_instagram":"","author_role":["administrator"],"author_firstname":"ali","author_lastname":"g\u00fcrb\u00fcz","user_login":"ali","author_avatar":"<img alt='' src='https:\/\/secure.gravatar.com\/avatar\/3702fdb1fc45af29a559276c9d853b9acec3019e11a35a95973b35ccfb7481c7?s=200&#038;d=mm&#038;r=g' srcset='https:\/\/secure.gravatar.com\/avatar\/3702fdb1fc45af29a559276c9d853b9acec3019e11a35a95973b35ccfb7481c7?s=400&#038;d=mm&#038;r=g 2x' class='avatar avatar-200 photo' height='200' width='200' loading='lazy' decoding='async'\/>","author_avatar_url":"https:\/\/secure.gravatar.com\/avatar\/3702fdb1fc45af29a559276c9d853b9acec3019e11a35a95973b35ccfb7481c7?s=96&d=mm&r=g","comment_count":0,"post_likes":0,"post_views":0},"tpgb_post_category":[],"uagb_featured_image_src":{"full":false,"thumbnail":false,"medium":false,"medium_large":false,"large":false,"1536x1536":false,"2048x2048":false,"tp-image-grid":false},"uagb_author_info":{"display_name":"ali g\u00fcrb\u00fcz","author_link":"https:\/\/spabyluxury.com\/tr\/author\/ali\/"},"uagb_comment_info":0,"uagb_excerpt":"Duyular\u0131n\u0131z\u0131 uyand\u0131r\u0131n Bedeniniz, zihniniz ve ruhunuzla yeniden ba\u011flant\u0131 kurun G\u00fcnl\u00fck kayg\u0131lar\u0131n\u0131zdan uzakla\u015f\u0131n Yarat\u0131c\u0131l\u0131\u011f\u0131n\u0131z\u0131 ortaya \u00e7\u0131kar\u0131n Sesin g\u00fcc\u00fcn\u00fc yeniden ke\u015ffedin Derinlemesine [&hellip;]","_links":{"self":[{"href":"https:\/\/spabyluxury.com\/tr\/wp-json\/wp\/v2\/pages\/1692","targetHints":{"allow":["GET"]}}],"collection":[{"href":"https:\/\/spabyluxury.com\/tr\/wp-json\/wp\/v2\/pages"}],"about":[{"href":"https:\/\/spabyluxury.com\/tr\/wp-json\/wp\/v2\/types\/page"}],"author":[{"embeddable":true,"href":"https:\/\/spabyluxury.com\/tr\/wp-json\/wp\/v2\/users\/2"}],"replies":[{"embeddable":true,"href":"https:\/\/spabyluxury.com\/tr\/wp-json\/wp\/v2\/comments?post=1692"}],"version-history":[{"count":2,"href":"https:\/\/spabyluxury.com\/tr\/wp-json\/wp\/v2\/pages\/1692\/revisions"}],"predecessor-version":[{"id":1697,"href":"https:\/\/spabyluxury.com\/tr\/wp-json\/wp\/v2\/pages\/1692\/revisions\/1697"}],"wp:attachment":[{"href":"https:\/\/spabyluxury.com\/tr\/wp-json\/wp\/v2\/media?parent=1692"}],"curies":[{"name":"wp","href":"https:\/\/api.w.org\/{rel}","templated":true}]}}